{"id":40,"date":"2020-01-12T14:03:09","date_gmt":"2020-01-12T14:03:09","guid":{"rendered":"https:\/\/wachsenundwerden.com\/?page_id=40"},"modified":"2020-01-12T15:04:37","modified_gmt":"2020-01-12T15:04:37","slug":"safe","status":"publish","type":"page","link":"https:\/\/wachsenundwerden.com\/index.php\/safe\/","title":{"rendered":"SAFE\u00ae"},"content":{"rendered":"\n<div class=\"wp-block-columns has-2-columns is-layout-flex wp-container-core-columns-layout-1 wp-block-columns-is-layout-flex\">\n<div class=\"wp-block-column is-layout-flow wp-block-column-is-layout-flow\">\n<blockquote class=\"wp-block-quote\"><p><br><em>\u201eEine sichere Bindung ist ein stabiles Fundament f\u00fcr die gesunde Entwicklung der Pers\u00f6nlichkeit\u201c<\/em><\/p><cite>Karl Heinz Brisch, Entwickler des SAFE\u00ae-Programm<\/cite><\/blockquote>\n<\/div>\n\n\n\n<div class=\"wp-block-column is-layout-flow wp-block-column-is-layout-flow\">\n<h2 class=\"wp-block-heading\">SAFE\u00ae &#8211; Sichere Ausbildung f\u00fcr Eltern<\/h2>\n\n\n\n<p>Schwangerschaft, Geburt und Leben mit einem Baby sind bereichernde Erfahrungen, in denen es viele Gl\u00fccksmomente gibt. Es k\u00f6nnen jedoch auch viele Fragen, Unsicherheiten, \u00c4ngste und herausfordernde Situationen auftreten. In der heutigen Zeit werden wir von vielen Informationen durch B\u00fccher, Fernsehen und Internet \u00fcberflutet. Ebenso erhalten wir Ratschl\u00e4ge von Freunden, Eltern, Gro\u00dfeltern und anderen Verwandten, die nicht immer hilfreich sind und oftmals zu noch mehr Unsicherheit und Verwirrung f\u00fchren.<\/p>\n\n\n\n<ul><li>Wie und ab wann kann ich eine Beziehung zu meinem Kind aufbauen?<\/li><li>Wie ist das mit dem Verw\u00f6hnen?<\/li><li>Was tun, wenn mein Kind nicht aufh\u00f6rt zu schreien?<\/li><li>Wie kann ich die unterschiedlichen Bed\u00fcrfnisse meines Kindes erkennen?<\/li><li>Wirken sich meine Emotionen auf mein Baby aus?<\/li><li>K\u00f6nnen eigene belastende Kindheitserfahrungen unbewusst an mein Kind weitergegeben werden und wie kann dies verhindern?<\/li><\/ul>\n\n\n\n<p><a href=\"https:\/\/www.safe-programm.de\/\">SAFE\u00ae <\/a>ist ein Unterst\u00fctzungsprogramm zum Aufbau einer sicheren Bindung zwischen Eltern und ihrem Kind. Es ist ein individuelles Angebot, die pers\u00f6nlichen Bindungsqualit\u00e4ten zu erforschen und zu st\u00e4rken, und orientiert sich an den Erkenntnissen der Bindungsforschung. Ziel von <a href=\"http:\/\/safe-programm-austria.at\/\">SAFE\u00ae<\/a> ist es, Eltern zu unterst\u00fctzen die Signale Ihres Babys differenziert zu erfassen und ad\u00e4quat\/bed\u00fcrfnisorientiert zu antworten.<\/p>\n<\/div>\n<\/div>\n","protected":false},"excerpt":{"rendered":"<p>\u201eEine sichere Bindung ist ein stabiles Fundament f\u00fcr die gesunde Entwicklung der Pers\u00f6nlichkeit\u201c Karl Heinz Brisch, Entwickler des SAFE\u00ae-Programm SAFE\u00ae &#8211; Sichere Ausbildung f\u00fcr Eltern Schwangerschaft, Geburt und Leben mit einem Baby sind bereichernde Erfahrungen, in denen es viele Gl\u00fccksmomente gibt. Es k\u00f6nnen jedoch auch viele Fragen, Unsicherheiten, \u00c4ngste und herausfordernde Situationen auftreten. In der &hellip; <\/p>\n","protected":false},"author":1,"featured_media":0,"parent":0,"menu_order":0,"comment_status":"closed","ping_status":"closed","template":"","meta":{"footnotes":""},"_links":{"self":[{"href":"https:\/\/wachsenundwerden.com\/index.php\/wp-json\/wp\/v2\/pages\/40"}],"collection":[{"href":"https:\/\/wachsenundwerden.com\/index.php\/wp-json\/wp\/v2\/pages"}],"about":[{"href":"https:\/\/wachsenundwerden.com\/index.php\/wp-json\/wp\/v2\/types\/page"}],"author":[{"embeddable":true,"href":"https:\/\/wachsenundwerden.com\/index.php\/wp-json\/wp\/v2\/users\/1"}],"replies":[{"embeddable":true,"href":"https:\/\/wachsenundwerden.com\/index.php\/wp-json\/wp\/v2\/comments?post=40"}],"version-history":[{"count":7,"href":"https:\/\/wachsenundwerden.com\/index.php\/wp-json\/wp\/v2\/pages\/40\/revisions"}],"predecessor-version":[{"id":94,"href":"https:\/\/wachsenundwerden.com\/index.php\/wp-json\/wp\/v2\/pages\/40\/revisions\/94"}],"wp:attachment":[{"href":"https:\/\/wachsenundwerden.com\/index.php\/wp-json\/wp\/v2\/media?parent=40"}],"curies":[{"name":"wp","href":"https:\/\/api.w.org\/{rel}","templated":true}]}}