{"id":37,"date":"2020-01-12T14:03:09","date_gmt":"2020-01-12T14:03:09","guid":{"rendered":"https:\/\/wachsenundwerden.com\/?page_id=37"},"modified":"2022-01-30T16:06:09","modified_gmt":"2022-01-30T16:06:09","slug":"angebot","status":"publish","type":"page","link":"https:\/\/wachsenundwerden.com\/index.php\/angebot\/","title":{"rendered":"Zielgruppe\/Setting"},"content":{"rendered":"\n<ul><li>Psychotherapie im Einzel- und Gruppensetting f\u00fcr Erwachsene und Jugendliche<\/li><li>Psychotherapie und Beratung f\u00fcr Eltern, werdende Eltern und Alleinerziehende<\/li><li>Psychotherapie und Beratung f\u00fcr Frauen und M\u00e4nner mit (unerf\u00fclltem) Kinderwunsch<\/li><li>Elterngruppe: <a rel=\"noreferrer noopener\" aria-label=\"SAFE\u00ae - Programm (opens in a new tab)\" href=\"https:\/\/wachsenundwerden.com\/index.php\/safe\/\" target=\"_blank\">SAFE\u00ae &#8211; Programm<\/a><\/li><li>Onlineberatung\/-therapie<\/li><li>Telefonberatung\/-therapie<\/li><\/ul>\n","protected":false},"excerpt":{"rendered":"<p>Psychotherapie im Einzel- und Gruppensetting f\u00fcr Erwachsene und Jugendliche Psychotherapie und Beratung f\u00fcr Eltern, werdende Eltern und Alleinerziehende Psychotherapie und Beratung f\u00fcr Frauen und M\u00e4nner mit (unerf\u00fclltem) Kinderwunsch Elterngruppe: SAFE\u00ae &#8211; Programm Onlineberatung\/-therapie Telefonberatung\/-therapie<\/p>\n","protected":false},"author":1,"featured_media":0,"parent":0,"menu_order":0,"comment_status":"closed","ping_status":"closed","template":"","meta":{"footnotes":""},"_links":{"self":[{"href":"https:\/\/wachsenundwerden.com\/index.php\/wp-json\/wp\/v2\/pages\/37"}],"collection":[{"href":"https:\/\/wachsenundwerden.com\/index.php\/wp-json\/wp\/v2\/pages"}],"about":[{"href":"https:\/\/wachsenundwerden.com\/index.php\/wp-json\/wp\/v2\/types\/page"}],"author":[{"embeddable":true,"href":"https:\/\/wachsenundwerden.com\/index.php\/wp-json\/wp\/v2\/users\/1"}],"replies":[{"embeddable":true,"href":"https:\/\/wachsenundwerden.com\/index.php\/wp-json\/wp\/v2\/comments?post=37"}],"version-history":[{"count":5,"href":"https:\/\/wachsenundwerden.com\/index.php\/wp-json\/wp\/v2\/pages\/37\/revisions"}],"predecessor-version":[{"id":258,"href":"https:\/\/wachsenundwerden.com\/index.php\/wp-json\/wp\/v2\/pages\/37\/revisions\/258"}],"wp:attachment":[{"href":"https:\/\/wachsenundwerden.com\/index.php\/wp-json\/wp\/v2\/media?parent=37"}],"curies":[{"name":"wp","href":"https:\/\/api.w.org\/{rel}","templated":true}]}}