{"id":34,"date":"2020-01-12T14:03:09","date_gmt":"2020-01-12T14:03:09","guid":{"rendered":"https:\/\/wachsenundwerden.com\/?page_id=34"},"modified":"2024-03-20T07:11:19","modified_gmt":"2024-03-20T07:11:19","slug":"ueber-mich","status":"publish","type":"page","link":"https:\/\/wachsenundwerden.com\/index.php\/ueber-mich\/","title":{"rendered":"\u00dcber mich"},"content":{"rendered":"\n<div class=\"wp-block-media-text alignwide is-stacked-on-mobile\" style=\"grid-template-columns:24% auto\"><figure class=\"wp-block-media-text__media\"><img loading=\"lazy\" decoding=\"async\" width=\"766\" height=\"1024\" src=\"https:\/\/wachsenundwerden.com\/wp-content\/uploads\/2020\/01\/Kathrin-Pittracher01-1-766x1024.jpg\" alt=\"\" class=\"wp-image-74\" srcset=\"https:\/\/wachsenundwerden.com\/wp-content\/uploads\/2020\/01\/Kathrin-Pittracher01-1-766x1024.jpg 766w, https:\/\/wachsenundwerden.com\/wp-content\/uploads\/2020\/01\/Kathrin-Pittracher01-1-600x803.jpg 600w, https:\/\/wachsenundwerden.com\/wp-content\/uploads\/2020\/01\/Kathrin-Pittracher01-1-224x300.jpg 224w, https:\/\/wachsenundwerden.com\/wp-content\/uploads\/2020\/01\/Kathrin-Pittracher01-1-768x1027.jpg 768w, https:\/\/wachsenundwerden.com\/wp-content\/uploads\/2020\/01\/Kathrin-Pittracher01-1-45x60.jpg 45w, https:\/\/wachsenundwerden.com\/wp-content\/uploads\/2020\/01\/Kathrin-Pittracher01-1.jpg 1413w\" sizes=\"(max-width: 766px) 100vw, 766px\" \/><\/figure><div class=\"wp-block-media-text__content\">\n<p>Ich wurde 1987 in Tirol geboren, bin verheiratet und habe einen Sohn.<\/p>\n\n\n\n<ul><li>Psychotherapeutin (Psychodrama). <\/li><li>Vorgeburtliche Bindungsf\u00f6rderung (Bindungsanalyse nach Hidas und Raffai)<\/li><li>Bindungsbasierte Beratung und Therapie<\/li><li>Basic Bonding Gruppenleiterin<\/li><li>IoPT (Identit\u00e4tsorientierte Psychotraumatheorie)<\/li><li>SAFE\u00ae-Mentorin<\/li><li>SAFE\u00ae -Spezial (Einzel-Beratung und Einzel-Psychotherapie mit Schwangeren; Die Arbeit mit Eltern von Fr\u00fchgeborenen und\/oder Pr\u00e4natal-Diagnose Behinderung; Krippe &#8211; Tagesbetreuung)<\/li><li>Diplomierte Gesundheits- und Krankenpflegerin<\/li><li>Studium der Pflegewissenschaft (Bachelor of Science in Nursing)<\/li><li>Mitglied beim \u00d6BPV &#8211; \u00d6sterreichische Bundesverband f\u00fcr Psychotherapie<\/li><li>Mitglied beim TLP &#8211; Tiroler Landesverband f\u00fcr Psychotherapie<\/li><\/ul>\n<\/div><\/div>\n","protected":false},"excerpt":{"rendered":"<p>Ich wurde 1987 in Tirol geboren, bin verheiratet und habe einen Sohn. Psychotherapeutin (Psychodrama). Vorgeburtliche Bindungsf\u00f6rderung (Bindungsanalyse nach Hidas und Raffai) Bindungsbasierte Beratung und Therapie Basic Bonding Gruppenleiterin IoPT (Identit\u00e4tsorientierte Psychotraumatheorie) SAFE\u00ae-Mentorin SAFE\u00ae -Spezial (Einzel-Beratung und Einzel-Psychotherapie mit Schwangeren; Die Arbeit mit Eltern von Fr\u00fchgeborenen und\/oder Pr\u00e4natal-Diagnose Behinderung; Krippe &#8211; Tagesbetreuung) Diplomierte Gesundheits- und Krankenpflegerin &hellip; <\/p>\n","protected":false},"author":1,"featured_media":0,"parent":0,"menu_order":0,"comment_status":"closed","ping_status":"closed","template":"","meta":{"footnotes":""},"_links":{"self":[{"href":"https:\/\/wachsenundwerden.com\/index.php\/wp-json\/wp\/v2\/pages\/34"}],"collection":[{"href":"https:\/\/wachsenundwerden.com\/index.php\/wp-json\/wp\/v2\/pages"}],"about":[{"href":"https:\/\/wachsenundwerden.com\/index.php\/wp-json\/wp\/v2\/types\/page"}],"author":[{"embeddable":true,"href":"https:\/\/wachsenundwerden.com\/index.php\/wp-json\/wp\/v2\/users\/1"}],"replies":[{"embeddable":true,"href":"https:\/\/wachsenundwerden.com\/index.php\/wp-json\/wp\/v2\/comments?post=34"}],"version-history":[{"count":13,"href":"https:\/\/wachsenundwerden.com\/index.php\/wp-json\/wp\/v2\/pages\/34\/revisions"}],"predecessor-version":[{"id":289,"href":"https:\/\/wachsenundwerden.com\/index.php\/wp-json\/wp\/v2\/pages\/34\/revisions\/289"}],"wp:attachment":[{"href":"https:\/\/wachsenundwerden.com\/index.php\/wp-json\/wp\/v2\/media?parent=34"}],"curies":[{"name":"wp","href":"https:\/\/api.w.org\/{rel}","templated":true}]}}