{"id":243,"date":"2022-01-25T12:29:47","date_gmt":"2022-01-25T12:29:47","guid":{"rendered":"https:\/\/wachsenundwerden.com\/?page_id=243"},"modified":"2022-01-25T12:29:47","modified_gmt":"2022-01-25T12:29:47","slug":"kinderwunsch","status":"publish","type":"page","link":"https:\/\/wachsenundwerden.com\/index.php\/kinderwunsch\/","title":{"rendered":"Kinderwunsch"},"content":{"rendered":"\n<p>Wenn sich Paare ein Kind w\u00fcnschen und dieser Wunsch unerf\u00fcllt bleibt, ist dies sehr belastend. Je l\u00e4nger dieser Prozess andauert, desto schwieriger wird es f\u00fcr die Betroffenen. <\/p>\n\n\n\n<p>Medizinische Abkl\u00e4rung und Behandlungen bieten ein Wechselbad der Gef\u00fchle. Die Hoffnung und Sehnsucht nach einem Kind werden mit Eintreten der Monatsblutung von gro\u00dfer Entt\u00e4uschung abgel\u00f6st. Wenn bereits mehrere Zyklen erfolglos blieben oder bereits eine oder mehrere Fehlgeburt\/en eingetreten ist\/sind, steigen emotionale Belastungen. <\/p>\n\n\n\n<p>Frauen f\u00fchlen sich h\u00e4ufig als unzureichend, unf\u00e4hig und in ihrem \u201eFrau sein\u201c versagend. Sie haben den Eindruck alle anderen Frauen um sie herum werden ganz einfach schwanger nur sie nicht. M\u00e4nner f\u00fchlen sich hilflos und ohnm\u00e4chtig, Gedanken wie \u201eWas bin ich f\u00fcr ein Mann, wenn ich kein Kind zeugen kann\u201c und \u201eAlle anderen M\u00e4nner k\u00f6nnen Kinder zeugen, nur ich nicht\u201c dr\u00e4ngen sich auf. Es f\u00e4llt oft schwer mit Freunden oder Verwandten dar\u00fcber zu sprechen. <\/p>\n\n\n\n<p>Therapeutische Begleitung in der Zeit der medizinischen Abkl\u00e4rung, der Behandlungen und danach k\u00f6nnen entlastend wirken. Durch therapeutische Unterst\u00fctzung k\u00f6nnen die Belastungen im gesch\u00fctzten Raum wahrgenommen werden und beugen Depression und \u00c4ngsten vor.<\/p>\n","protected":false},"excerpt":{"rendered":"<p>Wenn sich Paare ein Kind w\u00fcnschen und dieser Wunsch unerf\u00fcllt bleibt, ist dies sehr belastend. Je l\u00e4nger dieser Prozess andauert, desto schwieriger wird es f\u00fcr die Betroffenen. Medizinische Abkl\u00e4rung und Behandlungen bieten ein Wechselbad der Gef\u00fchle. Die Hoffnung und Sehnsucht nach einem Kind werden mit Eintreten der Monatsblutung von gro\u00dfer Entt\u00e4uschung abgel\u00f6st. Wenn bereits mehrere &hellip; <\/p>\n","protected":false},"author":1,"featured_media":0,"parent":0,"menu_order":0,"comment_status":"closed","ping_status":"closed","template":"","meta":{"footnotes":""},"_links":{"self":[{"href":"https:\/\/wachsenundwerden.com\/index.php\/wp-json\/wp\/v2\/pages\/243"}],"collection":[{"href":"https:\/\/wachsenundwerden.com\/index.php\/wp-json\/wp\/v2\/pages"}],"about":[{"href":"https:\/\/wachsenundwerden.com\/index.php\/wp-json\/wp\/v2\/types\/page"}],"author":[{"embeddable":true,"href":"https:\/\/wachsenundwerden.com\/index.php\/wp-json\/wp\/v2\/users\/1"}],"replies":[{"embeddable":true,"href":"https:\/\/wachsenundwerden.com\/index.php\/wp-json\/wp\/v2\/comments?post=243"}],"version-history":[{"count":2,"href":"https:\/\/wachsenundwerden.com\/index.php\/wp-json\/wp\/v2\/pages\/243\/revisions"}],"predecessor-version":[{"id":245,"href":"https:\/\/wachsenundwerden.com\/index.php\/wp-json\/wp\/v2\/pages\/243\/revisions\/245"}],"wp:attachment":[{"href":"https:\/\/wachsenundwerden.com\/index.php\/wp-json\/wp\/v2\/media?parent=243"}],"curies":[{"name":"wp","href":"https:\/\/api.w.org\/{rel}","templated":true}]}}