{"id":212,"date":"2021-02-20T18:30:27","date_gmt":"2021-02-20T18:30:27","guid":{"rendered":"https:\/\/wachsenundwerden.com\/?page_id=212"},"modified":"2022-01-30T15:59:42","modified_gmt":"2022-01-30T15:59:42","slug":"mutter-kind-bindungsanalyse","status":"publish","type":"page","link":"https:\/\/wachsenundwerden.com\/index.php\/mutter-kind-bindungsanalyse\/","title":{"rendered":"Mutter-Kind-Bindungsanalyse"},"content":{"rendered":"\n<p>F\u00f6rderung\nder vorgeburtlichen Mutter-Kind-Beziehung<\/p>\n\n\n\n<h2 class=\"wp-block-heading\">Was ist die\nMutter-Kind-Bindungsanalyse?<\/h2>\n\n\n\n<p>Die\nMutter-Kind-Bindungsanalyse ist eine M\u00f6glichkeit der Unterst\u00fctzung f\u00fcr Mutter\nund Baby vor der Geburt. Diese Art der Schwangerschaftsbegleitung erm\u00f6glicht\nMutter und ungeborenem Kind Kontakt zueinander aufzubauen, zu pflegen und so\ndie Beziehung zu intensivieren. Die Schwangerschaft wird bewusster erlebt, die\nLosl\u00f6sung durch die Geburt vorbereitet und die Bindung st\u00e4rker.<\/p>\n\n\n\n<p>Die\nBindungsanalyse wurde Anfang der 1990er Jahre in Budapest durch die beiden\nPsychoanalytiker Jen\u00f6 Raffai und Gy\u00f6rgy Hidas entwickelt. Raffai erkannte im\nZuge seiner Arbeit den Einfluss der vorgeburtlichen Bindung zwischen Mutter und\nKind f\u00fcr dessen Entwicklung.<\/p>\n\n\n\n<p>In den\nzahlreichen Begleitungen von Schwangeren zeigte sich eine positive Wirkung auf\ndie Schwangerschaft, die Geburt und die Entwicklung des Kindes.<\/p>\n\n\n\n<p>Die\nBindungsanalyse ist keine Psychotherapie im herk\u00f6mmlichen Sinn. Sie ist eine\nMethode zur Pr\u00e4vention und hat ein gro\u00dfes Potential an positiven Wirkungen f\u00fcr\nMutter und Kind.<\/p>\n\n\n\n<p>Die\nBindungsanalyse kann bei Kinderwunsch unterst\u00fctzend wirken; Blockaden k\u00f6nnen\ngel\u00f6st und der m\u00fctterliche K\u00f6rper f\u00fcr ein Baby vorbereitet werden.<\/p>\n\n\n\n<h2 class=\"wp-block-heading\">F\u00fcr wen?<\/h2>\n\n\n\n<p>Allgemein\nist die Bindungsanalyse f\u00fcr alle schwangeren Frauen geeignet. Zudem besteht die\nM\u00f6glichkeit, dass auch V\u00e4ter in den Prozess eingebunden werden.<\/p>\n\n\n\n<p>Besonders empfehlenswert ist die Bindungsanalyse<\/p>\n\n\n\n<ul><li>nach schwierigen Erfahrungen in vorausgegangenen Schwangerschaften (durch z.B. eine schwere Geburt, Fehlgeburt, Fr\u00fchgeburt oder Notkaiserschnitt)<\/li><li>bei k\u00fcnstlicher Befruchtung<\/li><li>in aktuell stressigen Lebenssituationen (Beziehungskonflikten, Tod eines Angeh\u00f6rigen, Schwangerschaftskonflikten, &#8230;)<\/li><li>bei Schwangerschaftskomplikationen oder Schwangerschaftsbeschwerden<\/li><li>bei \u00c4ngsten (z.B. die Geburt oder die Gesundheit des Kindes betreffend)<\/li><li>nach fr\u00fcheren Schwangerschaftsabbr\u00fcchen<\/li><li>als Vorbereitung f\u00fcr Mutter und Kind auf einen Kaiserschnitt<\/li><\/ul>\n\n\n\n<p>Die\nBindungsanalyse kreiert einen Ort der Ruhe, an dem Sie Erfahrungen verarbeiten\nund seelisch integrieren k\u00f6nnen. Je freier die Mutter ist, desto freier kann\ndas Kind auf die Welt kommen.<\/p>\n\n\n\n<h2 class=\"wp-block-heading\">M\u00f6gliche\npositive Wirkungen einer Mutter-Kind-Bindungsanalyse<\/h2>\n\n\n\n<ul><li>Pflege und Intensivierung der Bindung<\/li><li>Weniger \u00c4ngste vor der Geburt, St\u00e4rkung des Selbstvertrauens in sich und in seine Kr\u00e4fte<\/li><li>Der Geburtsprozess wird von Mutter und Kind gemeinsam gemeistert die Mutter erlebt diesen meist als leichter und selbstbestimmt<\/li><li>Der Umgang der Mutter mit ihrem Baby ist intuitiver und sicherer<\/li><li>Das Baby nimmt bereits im Mutterleib wahr, dass es als eigenst\u00e4ndiges Wesen gesehen, respektiert und geliebt wird<\/li><li>Erfahrungsgem\u00e4\u00df verlaufen die Geburten nat\u00fcrlicher und k\u00fcrzer, geburtshilfliche Eingriffe kommen seltener vor und die Wahrscheinlichkeit einer nat\u00fcrlichen Geburt steigt<\/li><li>Die Gefahr einer Fr\u00fchgeburt oder einer postpartalen Depression sinkt<\/li><li>Beobachtungen haben gezeigt, dass Bindungsanalyse Babys untertags weniger schlafen, nachts daf\u00fcr l\u00e4nger, weniger schreien, emotional stabiler, sozial kompetenter und aufmerksamer sind<\/li><\/ul>\n\n\n\n<p>Die Bindungsanalyse darf nicht als Allheilmittel angesehen werden und ersetzt keine Begleitung durch eine\/n Gyn\u00e4kologIn und\/oder Hebamme<\/p>\n","protected":false},"excerpt":{"rendered":"<p>F\u00f6rderung der vorgeburtlichen Mutter-Kind-Beziehung Was ist die Mutter-Kind-Bindungsanalyse? Die Mutter-Kind-Bindungsanalyse ist eine M\u00f6glichkeit der Unterst\u00fctzung f\u00fcr Mutter und Baby vor der Geburt. Diese Art der Schwangerschaftsbegleitung erm\u00f6glicht Mutter und ungeborenem Kind Kontakt zueinander aufzubauen, zu pflegen und so die Beziehung zu intensivieren. Die Schwangerschaft wird bewusster erlebt, die Losl\u00f6sung durch die Geburt vorbereitet und die &hellip; <\/p>\n","protected":false},"author":1,"featured_media":0,"parent":0,"menu_order":0,"comment_status":"closed","ping_status":"closed","template":"","meta":{"footnotes":""},"_links":{"self":[{"href":"https:\/\/wachsenundwerden.com\/index.php\/wp-json\/wp\/v2\/pages\/212"}],"collection":[{"href":"https:\/\/wachsenundwerden.com\/index.php\/wp-json\/wp\/v2\/pages"}],"about":[{"href":"https:\/\/wachsenundwerden.com\/index.php\/wp-json\/wp\/v2\/types\/page"}],"author":[{"embeddable":true,"href":"https:\/\/wachsenundwerden.com\/index.php\/wp-json\/wp\/v2\/users\/1"}],"replies":[{"embeddable":true,"href":"https:\/\/wachsenundwerden.com\/index.php\/wp-json\/wp\/v2\/comments?post=212"}],"version-history":[{"count":4,"href":"https:\/\/wachsenundwerden.com\/index.php\/wp-json\/wp\/v2\/pages\/212\/revisions"}],"predecessor-version":[{"id":256,"href":"https:\/\/wachsenundwerden.com\/index.php\/wp-json\/wp\/v2\/pages\/212\/revisions\/256"}],"wp:attachment":[{"href":"https:\/\/wachsenundwerden.com\/index.php\/wp-json\/wp\/v2\/media?parent=212"}],"curies":[{"name":"wp","href":"https:\/\/api.w.org\/{rel}","templated":true}]}}